{"id":2107,"date":"2020-10-07T15:57:45","date_gmt":"2020-10-07T13:57:45","guid":{"rendered":"https:\/\/www.grafinter.ch\/produit\/chaine-de-finition-horizon\/"},"modified":"2020-10-07T15:57:45","modified_gmt":"2020-10-07T13:57:45","slug":"chaine-de-finition-horizon","status":"publish","type":"product","link":"https:\/\/www.grafinter.ch\/en\/product\/chaine-de-finition-horizon\/","title":{"rendered":"Cha\u00eene de Finition Horizon"},"content":{"rendered":"<p>Cha\u00eene de piqu\u00e9 Pli Horizon VAC&nbsp;<\/p>\n<ul>\n<li>1 tour VAC 100, 10 stations margeur \u00e0 succion, contr\u00f4le passage du papier<\/li>\n<li>1 syst\u00e8me piqu\u00e9-pli SPF 20 avec t\u00eates d&#8217;agrafage Hohner<\/li>\n<li>1 Massicot coupe Frontal FC-20<\/li>\n<li>1 Sortie en nappe longue LC-20<\/li>\n<li>1 Sortie vibreur PJ-77<\/li>\n<\/ul>\n","protected":false},"excerpt":{"rendered":"<p>Cha\u00eene de piqu\u00e9 Pli Horizon VAC&nbsp; 1 tour VAC 100, 10 stations margeur \u00e0 succion, contr\u00f4le passage du papier 1 syst\u00e8me piqu\u00e9-pli SPF 20 avec t\u00eates d&#8217;agrafage Hohner 1 Massicot coupe Frontal FC-20 1 Sortie en nappe longue LC-20 1 Sortie vibreur PJ-77<\/p>\n","protected":false},"featured_media":2108,"template":"","meta":{"_acf_changed":false},"product_brand":[],"product_cat":[80,70],"product_tag":[],"class_list":{"0":"post-2107","1":"product","2":"type-product","3":"status-publish","4":"has-post-thumbnail","6":"product_cat-assembling","7":"product_cat-finishing","9":"first","10":"instock","11":"shipping-taxable","12":"product-type-simple"},"acf":[],"_links":{"self":[{"href":"https:\/\/www.grafinter.ch\/en\/wp-json\/wp\/v2\/product\/2107","targetHints":{"allow":["GET"]}}],"collection":[{"href":"https:\/\/www.grafinter.ch\/en\/wp-json\/wp\/v2\/product"}],"about":[{"href":"https:\/\/www.grafinter.ch\/en\/wp-json\/wp\/v2\/types\/product"}],"wp:featuredmedia":[{"embeddable":true,"href":"https:\/\/www.grafinter.ch\/en\/wp-json\/wp\/v2\/media\/2108"}],"wp:attachment":[{"href":"https:\/\/www.grafinter.ch\/en\/wp-json\/wp\/v2\/media?parent=2107"}],"wp:term":[{"taxonomy":"product_brand","embeddable":true,"href":"https:\/\/www.grafinter.ch\/en\/wp-json\/wp\/v2\/product_brand?post=2107"},{"taxonomy":"product_cat","embeddable":true,"href":"https:\/\/www.grafinter.ch\/en\/wp-json\/wp\/v2\/product_cat?post=2107"},{"taxonomy":"product_tag","embeddable":true,"href":"https:\/\/www.grafinter.ch\/en\/wp-json\/wp\/v2\/product_tag?post=2107"}],"curies":[{"name":"wp","href":"https:\/\/api.w.org\/{rel}","templated":true}]}}