{"id":1936,"date":"2020-10-07T16:26:25","date_gmt":"2020-10-07T14:26:25","guid":{"rendered":"https:\/\/www.grafinter.ch\/produit\/foreuse-hang-106-dtk-4\/"},"modified":"2020-10-07T16:26:25","modified_gmt":"2020-10-07T14:26:25","slug":"foreuse-hang-106-dtk-4","status":"publish","type":"product","link":"https:\/\/www.grafinter.ch\/en\/product\/foreuse-hang-106-dtk-4\/","title":{"rendered":"Foreuse HANG 106 DTK 4"},"content":{"rendered":"<p>FOREUSE HANG 106 DTK 4<\/p>\n<ul>\n<li>Foreuse 4 t\u00eates<\/li>\n<li>Commande \u00e9lectrique au pied<\/li>\n<li>\u00e9cartement des t\u00eates r\u00e9glables<\/li>\n<\/ul>\n","protected":false},"excerpt":{"rendered":"<p>FOREUSE HANG 106 DTK 4 Foreuse 4 t\u00eates Commande \u00e9lectrique au pied \u00e9cartement des t\u00eates r\u00e9glables<\/p>\n","protected":false},"featured_media":1937,"template":"","meta":{"_acf_changed":false},"product_brand":[],"product_cat":[70,75],"product_tag":[],"class_list":{"0":"post-1936","1":"product","2":"type-product","3":"status-publish","4":"has-post-thumbnail","6":"product_cat-finishing","7":"product_cat-drilling","9":"first","10":"instock","11":"shipping-taxable","12":"product-type-simple"},"acf":[],"_links":{"self":[{"href":"https:\/\/www.grafinter.ch\/en\/wp-json\/wp\/v2\/product\/1936","targetHints":{"allow":["GET"]}}],"collection":[{"href":"https:\/\/www.grafinter.ch\/en\/wp-json\/wp\/v2\/product"}],"about":[{"href":"https:\/\/www.grafinter.ch\/en\/wp-json\/wp\/v2\/types\/product"}],"wp:featuredmedia":[{"embeddable":true,"href":"https:\/\/www.grafinter.ch\/en\/wp-json\/wp\/v2\/media\/1937"}],"wp:attachment":[{"href":"https:\/\/www.grafinter.ch\/en\/wp-json\/wp\/v2\/media?parent=1936"}],"wp:term":[{"taxonomy":"product_brand","embeddable":true,"href":"https:\/\/www.grafinter.ch\/en\/wp-json\/wp\/v2\/product_brand?post=1936"},{"taxonomy":"product_cat","embeddable":true,"href":"https:\/\/www.grafinter.ch\/en\/wp-json\/wp\/v2\/product_cat?post=1936"},{"taxonomy":"product_tag","embeddable":true,"href":"https:\/\/www.grafinter.ch\/en\/wp-json\/wp\/v2\/product_tag?post=1936"}],"curies":[{"name":"wp","href":"https:\/\/api.w.org\/{rel}","templated":true}]}}