{"id":1930,"date":"2020-10-07T16:27:43","date_gmt":"2020-10-07T14:27:43","guid":{"rendered":"https:\/\/www.grafinter.ch\/produit\/foreuse-nagel-280\/"},"modified":"2020-10-07T16:27:43","modified_gmt":"2020-10-07T14:27:43","slug":"foreuse-nagel-280","status":"publish","type":"product","link":"https:\/\/www.grafinter.ch\/en\/product\/foreuse-nagel-280\/","title":{"rendered":"Foreuse Nagel 280"},"content":{"rendered":"<p>Foreuse de table Nagel Citoborma 280<\/p>\n<ul>\n<li>mod\u00e8le \u00e0 2 t\u00eates, ecartement fixe \u00e0 80 MM<\/li>\n<\/ul>\n","protected":false},"excerpt":{"rendered":"<p>Foreuse de table Nagel Citoborma 280 mod\u00e8le \u00e0 2 t\u00eates, ecartement fixe \u00e0 80 MM<\/p>\n","protected":false},"featured_media":1931,"template":"","meta":{"_acf_changed":false},"product_brand":[],"product_cat":[70,75],"product_tag":[],"class_list":{"0":"post-1930","1":"product","2":"type-product","3":"status-publish","4":"has-post-thumbnail","6":"product_cat-finishing","7":"product_cat-drilling","9":"first","10":"instock","11":"shipping-taxable","12":"product-type-simple"},"acf":[],"_links":{"self":[{"href":"https:\/\/www.grafinter.ch\/en\/wp-json\/wp\/v2\/product\/1930","targetHints":{"allow":["GET"]}}],"collection":[{"href":"https:\/\/www.grafinter.ch\/en\/wp-json\/wp\/v2\/product"}],"about":[{"href":"https:\/\/www.grafinter.ch\/en\/wp-json\/wp\/v2\/types\/product"}],"wp:featuredmedia":[{"embeddable":true,"href":"https:\/\/www.grafinter.ch\/en\/wp-json\/wp\/v2\/media\/1931"}],"wp:attachment":[{"href":"https:\/\/www.grafinter.ch\/en\/wp-json\/wp\/v2\/media?parent=1930"}],"wp:term":[{"taxonomy":"product_brand","embeddable":true,"href":"https:\/\/www.grafinter.ch\/en\/wp-json\/wp\/v2\/product_brand?post=1930"},{"taxonomy":"product_cat","embeddable":true,"href":"https:\/\/www.grafinter.ch\/en\/wp-json\/wp\/v2\/product_cat?post=1930"},{"taxonomy":"product_tag","embeddable":true,"href":"https:\/\/www.grafinter.ch\/en\/wp-json\/wp\/v2\/product_tag?post=1930"}],"curies":[{"name":"wp","href":"https:\/\/api.w.org\/{rel}","templated":true}]}}