{"id":1923,"date":"2020-10-07T16:27:49","date_gmt":"2020-10-07T14:27:49","guid":{"rendered":"https:\/\/www.grafinter.ch\/produit\/foreuse-nagel-citoborma-150\/"},"modified":"2024-11-29T17:08:13","modified_gmt":"2024-11-29T16:08:13","slug":"foreuse-nagel-citoborma-150","status":"publish","type":"product","link":"https:\/\/www.grafinter.ch\/en\/product\/foreuse-nagel-citoborma-150\/","title":{"rendered":"Foreuse Nagel CITOBORMA 150"},"content":{"rendered":"<p>Foreuse Nagel Citoborma 150<\/p>\n<ul>\n<li>mod\u00e8le 1 t\u00eate<\/li>\n<li>\u00e9lectrique<\/li>\n<li>de table<\/li>\n<\/ul>\n","protected":false},"excerpt":{"rendered":"<p>Foreuse Nagel Citoborma 150 mod\u00e8le 1 t\u00eate \u00e9lectrique de table<\/p>\n","protected":false},"featured_media":1924,"template":"","meta":{"_acf_changed":false},"product_brand":[],"product_cat":[70,75],"product_tag":[],"class_list":{"0":"post-1923","1":"product","2":"type-product","3":"status-publish","4":"has-post-thumbnail","6":"product_cat-finishing","7":"product_cat-drilling","9":"first","10":"instock","11":"shipping-taxable","12":"product-type-simple"},"acf":[],"_links":{"self":[{"href":"https:\/\/www.grafinter.ch\/en\/wp-json\/wp\/v2\/product\/1923","targetHints":{"allow":["GET"]}}],"collection":[{"href":"https:\/\/www.grafinter.ch\/en\/wp-json\/wp\/v2\/product"}],"about":[{"href":"https:\/\/www.grafinter.ch\/en\/wp-json\/wp\/v2\/types\/product"}],"wp:featuredmedia":[{"embeddable":true,"href":"https:\/\/www.grafinter.ch\/en\/wp-json\/wp\/v2\/media\/1924"}],"wp:attachment":[{"href":"https:\/\/www.grafinter.ch\/en\/wp-json\/wp\/v2\/media?parent=1923"}],"wp:term":[{"taxonomy":"product_brand","embeddable":true,"href":"https:\/\/www.grafinter.ch\/en\/wp-json\/wp\/v2\/product_brand?post=1923"},{"taxonomy":"product_cat","embeddable":true,"href":"https:\/\/www.grafinter.ch\/en\/wp-json\/wp\/v2\/product_cat?post=1923"},{"taxonomy":"product_tag","embeddable":true,"href":"https:\/\/www.grafinter.ch\/en\/wp-json\/wp\/v2\/product_tag?post=1923"}],"curies":[{"name":"wp","href":"https:\/\/api.w.org\/{rel}","templated":true}]}}